{"id":70,"date":"2022-08-01T00:58:13","date_gmt":"2022-07-31T22:58:13","guid":{"rendered":"https:\/\/alpcolmina.ch\/colmina\/?page_id=70"},"modified":"2025-09-04T10:23:20","modified_gmt":"2025-09-04T08:23:20","slug":"uebernachten","status":"publish","type":"page","link":"https:\/\/alpcolmina.ch\/colmina\/uebernachten\/","title":{"rendered":"\u00dcbernachten"},"content":{"rendered":"\r\n<p>Diesen wunderbaren Ort m\u00f6chten wir mit Freunden und Bekannten teilen. Hast du Interesse? Gerne heissen wir dich im frisch renovierten &#8222;Colmina di dietro&#8220; willkommen.<\/p>\r\n<p><img loading=\"lazy\" decoding=\"async\" class=\"alignnone wp-image-216 \" src=\"https:\/\/alpcolmina.ch\/colmina\/wp-content\/uploads\/2024\/12\/IMG_0715-300x200.jpg\" alt=\"\" width=\"373\" height=\"248\" srcset=\"https:\/\/alpcolmina.ch\/colmina\/wp-content\/uploads\/2024\/12\/IMG_0715-300x200.jpg 300w, https:\/\/alpcolmina.ch\/colmina\/wp-content\/uploads\/2024\/12\/IMG_0715-1024x683.jpg 1024w, https:\/\/alpcolmina.ch\/colmina\/wp-content\/uploads\/2024\/12\/IMG_0715-768x512.jpg 768w, https:\/\/alpcolmina.ch\/colmina\/wp-content\/uploads\/2024\/12\/IMG_0715-1536x1024.jpg 1536w, https:\/\/alpcolmina.ch\/colmina\/wp-content\/uploads\/2024\/12\/IMG_0715-2048x1365.jpg 2048w\" sizes=\"auto, (max-width: 373px) 100vw, 373px\" \/> &nbsp;&nbsp; &nbsp; &nbsp; &nbsp;&nbsp; &nbsp;<\/p>\r\n<p>Hier k\u00f6nnen bis zu sieben Personen \u00fcbernachten (6 sind optimal):<\/p>\r\n<p>4 Betten befinden sich im Fienile<\/p>\r\n<p><img loading=\"lazy\" decoding=\"async\" class=\"alignnone  wp-image-82\" src=\"https:\/\/alpcolmina.ch\/colmina\/wp-content\/uploads\/2024\/06\/IMG_2316-300x225.jpeg\" alt=\"\" width=\"370\" height=\"278\" srcset=\"https:\/\/alpcolmina.ch\/colmina\/wp-content\/uploads\/2024\/06\/IMG_2316-300x225.jpeg 300w, https:\/\/alpcolmina.ch\/colmina\/wp-content\/uploads\/2024\/06\/IMG_2316-1024x768.jpeg 1024w, https:\/\/alpcolmina.ch\/colmina\/wp-content\/uploads\/2024\/06\/IMG_2316-768x576.jpeg 768w, https:\/\/alpcolmina.ch\/colmina\/wp-content\/uploads\/2024\/06\/IMG_2316-1536x1152.jpeg 1536w, https:\/\/alpcolmina.ch\/colmina\/wp-content\/uploads\/2024\/06\/IMG_2316-2048x1536.jpeg 2048w\" sizes=\"auto, (max-width: 370px) 100vw, 370px\" \/> <img loading=\"lazy\" decoding=\"async\" class=\"alignnone  wp-image-81\" src=\"https:\/\/alpcolmina.ch\/colmina\/wp-content\/uploads\/2024\/06\/IMG_2300-300x225.jpeg\" alt=\"\" width=\"369\" height=\"277\" srcset=\"https:\/\/alpcolmina.ch\/colmina\/wp-content\/uploads\/2024\/06\/IMG_2300-300x225.jpeg 300w, https:\/\/alpcolmina.ch\/colmina\/wp-content\/uploads\/2024\/06\/IMG_2300-1024x768.jpeg 1024w, https:\/\/alpcolmina.ch\/colmina\/wp-content\/uploads\/2024\/06\/IMG_2300-768x576.jpeg 768w, https:\/\/alpcolmina.ch\/colmina\/wp-content\/uploads\/2024\/06\/IMG_2300-1536x1152.jpeg 1536w, https:\/\/alpcolmina.ch\/colmina\/wp-content\/uploads\/2024\/06\/IMG_2300-2048x1536.jpeg 2048w\" sizes=\"auto, (max-width: 369px) 100vw, 369px\" \/><\/p>\r\n<p>3 Matratzen auf der Galerie im Casa Trudi, wo sich auch die voll ausgestattete K\u00fcche mit einem Esstisch und einem neuen Ofen befindet.<\/p>\r\n<p><img loading=\"lazy\" decoding=\"async\" class=\"alignnone  wp-image-215\" src=\"https:\/\/alpcolmina.ch\/colmina\/wp-content\/uploads\/2024\/12\/IMG_0718-300x200.jpg\" alt=\"\" width=\"366\" height=\"244\" srcset=\"https:\/\/alpcolmina.ch\/colmina\/wp-content\/uploads\/2024\/12\/IMG_0718-300x200.jpg 300w, https:\/\/alpcolmina.ch\/colmina\/wp-content\/uploads\/2024\/12\/IMG_0718-1024x683.jpg 1024w, https:\/\/alpcolmina.ch\/colmina\/wp-content\/uploads\/2024\/12\/IMG_0718-768x512.jpg 768w, https:\/\/alpcolmina.ch\/colmina\/wp-content\/uploads\/2024\/12\/IMG_0718-1536x1024.jpg 1536w, https:\/\/alpcolmina.ch\/colmina\/wp-content\/uploads\/2024\/12\/IMG_0718-2048x1365.jpg 2048w\" sizes=\"auto, (max-width: 366px) 100vw, 366px\" \/><\/p>\r\n<p>Auf der Alp gibt es keinen Strom, gekocht wird auf dem Feuer, fliessend Wasser gibt es vor dem Haus und geduscht wird unter freiem Himmel.<\/p>\r\n<p>Gerne senden wir dir bei Interesse weitere Informationen zu. Schreib uns einfach eine Mail an <a href=\"mailto:info@colmina.ch\">info@colmina.ch<\/a>.<\/p>\r\n<p>Pro Nacht gelten folgende Preise (Stand 01.01.2025)<br><span lang=\"DE\">30.- f\u00fcr Erwachsene<br><\/span><span lang=\"DE\">15.- f\u00fcr Kinder<br><\/span><span lang=\"DE\">75.- f\u00fcr Familien (2 Erwachsene mit Kindern)<\/span><\/p>\r\n<p>Mit folgendem Formular kannst du deine \u00dcbernachtungen nach dem Aufenthalt abrechnen. Bitte f\u00fclle dieses bis sp\u00e4testens 5 Tage nach Abreise aus &#8211; am besten jedoch gleich auf der Heimreise \ud83d\ude42<\/p>\r\n<p><a href=\"http:\/\/alpcolmina.ch\/abrechnung\/\" target=\"_blank\" rel=\"noreferrer noopener\">Formular zum Abrechnen der \u00dcbernachtungen<\/a><\/p>\r\n<p>Hast du Lust, etwas \u00fcber die <strong>Tiere auf der Alp<\/strong> zu erfahren oder ein Trekking zu machen? Gerne darfst du dich bei <a href=\"https:\/\/www.hueterdererde.ch\/\">Marika Neveri<\/a> melden.<\/p>\r\n<p>&nbsp;<\/p>\r\n","protected":false},"excerpt":{"rendered":"<p>Diesen wunderbaren Ort m\u00f6chten wir mit Freunden und Bekannten teilen. Hast du Interesse? Gerne heissen wir dich im frisch renovierten &#8222;Colmina di dietro&#8220; willkommen. &nbsp;&nbsp; &nbsp; &nbsp; &nbsp;&nbsp; &nbsp; Hier k\u00f6nnen bis zu sieben Personen \u00fcbernachten (6 sind optimal): 4 Betten befinden sich im Fienile 3 Matratzen auf der Galerie im Casa Trudi, wo sich [&hellip;]<\/p>\n","protected":false},"author":1,"featured_media":0,"parent":0,"menu_order":3,"comment_status":"closed","ping_status":"closed","template":"","meta":{"ngg_post_thumbnail":0,"footnotes":""},"class_list":["post-70","page","type-page","status-publish","hentry"],"_links":{"self":[{"href":"https:\/\/alpcolmina.ch\/colmina\/wp-json\/wp\/v2\/pages\/70","targetHints":{"allow":["GET"]}}],"collection":[{"href":"https:\/\/alpcolmina.ch\/colmina\/wp-json\/wp\/v2\/pages"}],"about":[{"href":"https:\/\/alpcolmina.ch\/colmina\/wp-json\/wp\/v2\/types\/page"}],"author":[{"embeddable":true,"href":"https:\/\/alpcolmina.ch\/colmina\/wp-json\/wp\/v2\/users\/1"}],"replies":[{"embeddable":true,"href":"https:\/\/alpcolmina.ch\/colmina\/wp-json\/wp\/v2\/comments?post=70"}],"version-history":[{"count":9,"href":"https:\/\/alpcolmina.ch\/colmina\/wp-json\/wp\/v2\/pages\/70\/revisions"}],"predecessor-version":[{"id":289,"href":"https:\/\/alpcolmina.ch\/colmina\/wp-json\/wp\/v2\/pages\/70\/revisions\/289"}],"wp:attachment":[{"href":"https:\/\/alpcolmina.ch\/colmina\/wp-json\/wp\/v2\/media?parent=70"}],"curies":[{"name":"wp","href":"https:\/\/api.w.org\/{rel}","templated":true}]}}